{"id":3,"date":"2022-06-23T12:06:00","date_gmt":"2022-06-23T10:06:00","guid":{"rendered":"http:\/\/endin.eu\/?page_id=3"},"modified":"2025-09-01T10:53:50","modified_gmt":"2025-09-01T08:53:50","slug":"datenschutz","status":"publish","type":"page","link":"https:\/\/endin.eu\/en\/datenschutz\/","title":{"rendered":"Privacy Policy"},"content":{"rendered":"<div data-elementor-type=\"wp-page\" data-elementor-id=\"3\" class=\"elementor elementor-3\" data-elementor-post-type=\"page\">\n\t\t\t\t\t\t<section class=\"elementor-section elementor-top-section elementor-element elementor-element-ea2d578 elementor-section-height-min-height elementor-section-full_width elementor-section-height-default elementor-section-items-middle\" data-id=\"ea2d578\" data-element_type=\"section\" data-e-type=\"section\" data-settings=\"{&quot;background_background&quot;:&quot;classic&quot;,&quot;shape_divider_bottom&quot;:&quot;triangle-asymmetrical&quot;}\">\n\t\t\t\t\t\t\t<div class=\"elementor-background-overlay\"><\/div>\n\t\t\t\t\t\t<div class=\"elementor-shape elementor-shape-bottom\" aria-hidden=\"true\" data-negative=\"false\">\n\t\t\t<svg xmlns=\"http:\/\/www.w3.org\/2000\/svg\" viewbox=\"0 0 1000 100\" preserveaspectratio=\"none\">\n\t<path class=\"elementor-shape-fill\" d=\"M738,99l262-93V0H0v5.6L738,99z\"\/>\n<\/svg>\t\t<\/div>\n\t\t\t\t\t<div class=\"elementor-container elementor-column-gap-no\">\n\t\t\t\t\t<div class=\"elementor-column elementor-col-100 elementor-top-column elementor-element elementor-element-0afd9ec\" data-id=\"0afd9ec\" data-element_type=\"column\" data-e-type=\"column\">\n\t\t\t<div class=\"elementor-widget-wrap elementor-element-populated\">\n\t\t\t\t\t\t<section class=\"elementor-section elementor-inner-section elementor-element elementor-element-47a5a94 elementor-section-boxed elementor-section-height-default elementor-section-height-default\" data-id=\"47a5a94\" data-element_type=\"section\" data-e-type=\"section\">\n\t\t\t\t\t\t<div class=\"elementor-container elementor-column-gap-default\">\n\t\t\t\t\t<div class=\"elementor-column elementor-col-100 elementor-inner-column elementor-element elementor-element-879e479\" data-id=\"879e479\" data-element_type=\"column\" data-e-type=\"column\">\n\t\t\t<div class=\"elementor-widget-wrap elementor-element-populated\">\n\t\t\t\t\t\t<div class=\"elementor-element elementor-element-410f390 elementor-widget elementor-widget-heading\" data-id=\"410f390\" data-element_type=\"widget\" data-e-type=\"widget\" data-widget_type=\"heading.default\">\n\t\t\t\t<div class=\"elementor-widget-container\">\n\t\t\t\t\t<h1 class=\"elementor-heading-title elementor-size-default\">legal<\/h1>\t\t\t\t<\/div>\n\t\t\t\t<\/div>\n\t\t\t\t<div class=\"elementor-element elementor-element-f0f5686 animated-slow elementor-widget__width-initial elementor-invisible elementor-widget elementor-widget-heading\" data-id=\"f0f5686\" data-element_type=\"widget\" data-e-type=\"widget\" data-settings=\"{&quot;_animation&quot;:&quot;fadeIn&quot;}\" data-widget_type=\"heading.default\">\n\t\t\t\t<div class=\"elementor-widget-container\">\n\t\t\t\t\t<h2 class=\"elementor-heading-title elementor-size-default\">Privacy Policy<\/h2>\t\t\t\t<\/div>\n\t\t\t\t<\/div>\n\t\t\t\t\t<\/div>\n\t\t<\/div>\n\t\t\t\t\t<\/div>\n\t\t<\/section>\n\t\t\t\t\t<\/div>\n\t\t<\/div>\n\t\t\t\t\t<\/div>\n\t\t<\/section>\n\t\t\t\t<section class=\"elementor-section elementor-top-section elementor-element elementor-element-28225bcd elementor-section-boxed elementor-section-height-default elementor-section-height-default\" data-id=\"28225bcd\" data-element_type=\"section\" data-e-type=\"section\">\n\t\t\t\t\t\t<div class=\"elementor-container elementor-column-gap-default\">\n\t\t\t\t\t<div class=\"elementor-column elementor-col-100 elementor-top-column elementor-element elementor-element-7c24e6b2\" data-id=\"7c24e6b2\" data-element_type=\"column\" data-e-type=\"column\">\n\t\t\t<div class=\"elementor-widget-wrap elementor-element-populated\">\n\t\t\t\t\t\t<div class=\"elementor-element elementor-element-321847fa elementor-widget elementor-widget-text-editor\" data-id=\"321847fa\" data-element_type=\"widget\" data-e-type=\"widget\" data-widget_type=\"text-editor.default\">\n\t\t\t\t<div class=\"elementor-widget-container\">\n\t\t\t\t\t\t\t\t\t\n<p><strong>General information and mandatory information<\/strong><\/p>\n\n<p><strong>Designation of the responsible body<\/strong><\/p>\n\n<p>The responsible body for data processing on this website is:<\/p>\n\n<p>ENDIN GmbH<br \/>Managing Director Stephan Hoof<br \/>Kreuzstra\u00dfe 1a\u2028<br \/>97990 Weikersheim<\/p>\n\n<p>The responsible body decides alone or jointly with others on the purposes and means of processing personal data (e.g. names, contact details, etc.).<\/p>\n\n<p><strong>Revocation of your consent to data processing<\/strong><\/p>\n\n<p>Some data processing operations are only possible with your express consent. You can revoke your previously granted consent at any time. An informal email notification is sufficient for revocation. The legality of the data processing carried out up to the time of revocation remains unaffected by the revocation.<\/p>\n\n<p><strong>Right to lodge a complaint with the competent supervisory authority<\/strong><\/p>\n\n<p>As a data subject, you have the right to lodge a complaint with the responsible supervisory authority in the event of a data protection violation. The responsible supervisory authority for data protection issues is the state data protection officer of the federal state in which our company is headquartered. The following link provides a list of data protection officers and their contact details:\u00a0 <a href=\"https:\/\/www.bfdi.bund.de\/DE\/Infothek\/Anschriften_Links\/anschriften_links-node.html\" target=\"_blank\" rel=\"noreferrer noopener\">https:\/\/www.bfdi.bund.de\/DE\/Infothek\/Anschriften_Links\/anschriften_links-node.html<\/a>.<\/p>\n\n<p><strong>Right to data portability<\/strong><\/p>\n\n<p>You have the right to have data that we process automatically based on your consent or in fulfillment of a contract handed over to you or to third parties. This will be provided in a machine-readable format. If you request that the data be transferred directly to another controller, this will only be done if technically feasible.<\/p>\n\n<p><strong>Right to information, correction, blocking, deletion<\/strong><\/p>\n\n<p>Within the scope of applicable law, you have the right at any time to obtain free information about your stored personal data, its origin, its recipients, and the purpose of data processing, as well as the right to correct, block, or delete this data. You can contact us at any time regarding this and other questions regarding personal data using the contact details listed in the legal notice.<\/p>\n\n<p><strong>SSL or TLS encryption<\/strong><\/p>\n\n<p>SSL or TLS encryption\nFor security reasons and to protect the transmission of confidential content that you send to us as the website operator, our website uses SSL or TLS encryption. This ensures that any data you transmit via this website cannot be read by third parties. You can recognize an encrypted connection by the \"https:\/\/\" address bar in your browser and the lock symbol in the browser bar.<\/p>\n\n<p><strong>Server log files<\/strong><\/p>\n\n<p>The website provider automatically collects and stores information that your browser automatically transmits to us in server log files. This includes:<\/p>\n\n<ul class=\"wp-block-list\">\n<li>Visited page on our domain<\/li>\n<li>Date and time of the server request<\/li>\n<li>Browser type and version<\/li>\n<li>Operating system used<\/li>\n<li>Referrer URL<\/li>\n<li>Hostname of the accessing computer<\/li>\n<li>IP address<\/li>\n<\/ul>\n\n<p>This data will not be merged with other data sources. The basis for data processing is Art. 6 (1) (b) GDPR, which permits the processing of data for the performance of a contract or for pre-contractual measures.<\/p>\n\n<p><strong>Contact form<\/strong><\/p>\n\n<p>Data submitted via the contact form, including your contact details, will be stored in order to process your request or to answer any follow-up questions. This data will not be shared without your consent.<\/p>\n\n<p>The data entered into the contact form will be processed exclusively on the basis of your consent (Art. 6 (1) (a) GDPR). You can revoke your previously granted consent at any time. An informal email notification is sufficient for revocation. The legality of the data processing operations carried out up to the time of revocation remains unaffected by the revocation.<\/p>\n\n<p>Data submitted via the contact form will remain with us until you request its deletion, revoke your consent to storage, or until data storage is no longer necessary. Mandatory legal provisions\u2014in particular, retention periods\u2014remain unaffected.<\/p>\n\n<p><strong>Cookies<\/strong><\/p>\n\n<p>Our website uses cookies. These are small text files that your web browser stores on your device. Cookies help us make our service more user-friendly, effective, and secure.<\/p>\n\n<p>Some cookies are \"session cookies.\" These cookies are automatically deleted after your browser session. Other cookies, however, remain on your device until you delete them. These cookies help us recognize you when you return to our website.<\/p>\n\n<p>With a modern web browser, you can monitor, restrict, or prevent cookies from being set. Many web browsers can be configured to automatically delete cookies when you close the program. Disabling cookies may result in limited functionality on our website.<\/p>\n\n<p>Cookies necessary for electronic communication or the provision of certain functions you request (e.g., shopping cart) are set on the basis of Art. 6 (1) (f) GDPR. As the operator of this website, we have a legitimate interest in storing cookies to ensure the technically error-free and smooth provision of our services. If other cookies are set (e.g., for analysis functions), these will be addressed separately in this privacy policy.<\/p>\n\n<p><strong>Google Analytics<\/strong><\/p>\n\n<p>Our website uses functions of the web analytics service Google Analytics. The provider of this web analytics service is Google Inc., 1600 Amphitheatre Parkway, Mountain View, CA 94043, USA.<\/p>\n\n<p>Google Analytics uses \"cookies.\" These are small text files that your web browser stores on your device and enable analysis of website usage. Information generated by cookies about your use of our website is transmitted to a Google server and stored there. The server location is usually in the USA.<\/p>\n\n<p>Google Analytics cookies are set on the basis of Art. 6 (1) (f) GDPR. As the operator of this website, we have a legitimate interest in analyzing user behavior in order to optimize our website and, where applicable, our advertising.<\/p>\n\n<p>IP anonymization<\/p>\n\n<p>We use Google Analytics in conjunction with the IP anonymization function. This ensures that Google shortens your IP address within member states of the European Union or in other contracting states to the Agreement on the European Economic Area before transmitting it to the USA. In exceptional cases, Google transmits the full IP address to a server in the USA and shortens it there. On our behalf, Google will use this information to evaluate your use of the website, to compile reports on website activity and to provide us with other services related to website activity and internet usage. The IP address transmitted by Google Analytics will not be merged with other Google data.<\/p>\n\n<p>Browser plugin<\/p>\n\n<p>You can prevent cookies from being set by your web browser. However, doing so may limit some features of our website. You can also prevent Google from collecting data relating to your website usage, including your IP address, and subsequently processing this data. This is possible by downloading and installing the browser plug-in available via the following link:\u00a0 <a href=\"https:\/\/tools.google.com\/dlpage\/gaoptout?hl=de\" target=\"_blank\" rel=\"noopener\">https:\/\/tools.google.com\/dlpage\/gaoptout?hl=de<\/a>.<\/p>\n\n<p>Objection to data collection<\/p>\n\n<p>You can prevent Google Analytics from collecting your data by clicking on the following link. This will set an opt-out cookie that prevents the collection of your data on future visits to our website: Disable Google Analytics.<\/p>\n\n<p>Details on how Google Analytics handles user data can be found in Google\u2019s privacy policy:\u00a0 <a href=\"https:\/\/support.google.com\/analytics\/answer\/6004245?hl=de\" target=\"_blank\" rel=\"noopener\">https:\/\/support.google.com\/analytics\/answer\/6004245?hl=de<\/a>.<\/p>\n\n<p>Order processing<\/p>\n\n<p>In order to fully comply with the statutory data protection requirements, we have concluded a contract for order processing with Google.<\/p>\n\n<p>Demographic characteristics in Google Analytics<\/p>\n\n<p>Our website uses the \"demographics\" feature of Google Analytics. This allows us to create reports containing information about the age, gender, and interests of site visitors. This data comes from interest-based advertising from Google as well as visitor data from third parties. It is not possible to assign the data to a specific person. You can deactivate this feature at any time. You can do this via the ad settings in your Google Account or by generally prohibiting the collection of your data by Google Analytics, as explained in the \"Objection to data collection\" section.<\/p>\n\n<pre class=\"wp-block-code\"><code>        &lt;p&gt;&lt;small&gt;Quelle: Datenschutz-Konfigurator von &lt;a href=&quot;http:\/\/www.mein-datenschutzbeauftragter.de&quot; target=&quot;_blank&quot;&gt;mein-datenschutzbeauftragter.de&lt;\/a&gt;&lt;\/small&gt;&lt;\/p&gt;<\/code><\/pre>\n\t\t\t\t\t\t\t\t<\/div>\n\t\t\t\t<\/div>\n\t\t\t\t\t<\/div>\n\t\t<\/div>\n\t\t\t\t\t<\/div>\n\t\t<\/section>\n\t\t\t\t<\/div>","protected":false},"excerpt":{"rendered":"<p>rechtliches Datenschutzerkl\u00e4rung Allgemeiner Hinweis und Pflichtinformationen Benennung der verantwortlichen Stelle Die verantwortliche Stelle f\u00fcr die Datenverarbeitung auf dieser Website ist: ENDIN GmbHGF Stephan HoofKreuzstra\u00dfe 1a97990 Weikersheim Die verantwortliche Stelle entscheidet allein oder gemeinsam mit anderen \u00fcber die Zwecke und Mittel der Verarbeitung von personenbezogenen Daten (z.B. Namen, Kontaktdaten o. \u00c4.). Widerruf Ihrer Einwilligung zur Datenverarbeitung [&hellip;]<\/p>","protected":false},"author":9,"featured_media":0,"parent":0,"menu_order":0,"comment_status":"closed","ping_status":"open","template":"","meta":{"footnotes":""},"class_list":["post-3","page","type-page","status-publish","hentry"],"_links":{"self":[{"href":"https:\/\/endin.eu\/en\/wp-json\/wp\/v2\/pages\/3","targetHints":{"allow":["GET"]}}],"collection":[{"href":"https:\/\/endin.eu\/en\/wp-json\/wp\/v2\/pages"}],"about":[{"href":"https:\/\/endin.eu\/en\/wp-json\/wp\/v2\/types\/page"}],"author":[{"embeddable":true,"href":"https:\/\/endin.eu\/en\/wp-json\/wp\/v2\/users\/9"}],"replies":[{"embeddable":true,"href":"https:\/\/endin.eu\/en\/wp-json\/wp\/v2\/comments?post=3"}],"version-history":[{"count":5,"href":"https:\/\/endin.eu\/en\/wp-json\/wp\/v2\/pages\/3\/revisions"}],"predecessor-version":[{"id":2923,"href":"https:\/\/endin.eu\/en\/wp-json\/wp\/v2\/pages\/3\/revisions\/2923"}],"wp:attachment":[{"href":"https:\/\/endin.eu\/en\/wp-json\/wp\/v2\/media?parent=3"}],"curies":[{"name":"wp","href":"https:\/\/api.w.org\/{rel}","templated":true}]}}